{"id":98,"date":"2025-08-21T21:10:45","date_gmt":"2025-08-21T21:10:45","guid":{"rendered":"https:\/\/bardotina.com.br\/?page_id=98"},"modified":"2025-08-22T18:34:02","modified_gmt":"2025-08-22T18:34:02","slug":"quem-somos","status":"publish","type":"page","link":"https:\/\/bardotina.com.br\/index.php\/quem-somos\/","title":{"rendered":"Quem somos"},"content":{"rendered":"\t\t<div data-elementor-type=\"wp-page\" data-elementor-id=\"98\" class=\"elementor elementor-98\" data-elementor-post-type=\"page\">\n\t\t\t\t<div class=\"elementor-element elementor-element-2ef656c e-flex e-con-boxed e-con e-parent\" data-id=\"2ef656c\" data-element_type=\"container\" data-settings=\"{&quot;background_background&quot;:&quot;classic&quot;}\">\n\t\t\t\t\t<div class=\"e-con-inner\">\n\t\t<div class=\"elementor-element elementor-element-b46a0be e-con-full e-flex e-con e-child\" data-id=\"b46a0be\" data-element_type=\"container\">\n\t\t\t\t<div class=\"elementor-element elementor-element-02d48d0 elementor-widget elementor-widget-heading\" data-id=\"02d48d0\" data-element_type=\"widget\" data-widget_type=\"heading.default\">\n\t\t\t\t\t<h2 class=\"elementor-heading-title elementor-size-default\">Sobre n\u00f3s<\/h2>\t\t\t\t<\/div>\n\t\t\t\t<div class=\"elementor-element elementor-element-1456b28 elementor-widget-divider--view-line elementor-widget elementor-widget-divider\" data-id=\"1456b28\" data-element_type=\"widget\" data-widget_type=\"divider.default\">\n\t\t\t\t\t\t\t<div class=\"elementor-divider\">\n\t\t\t<span class=\"elementor-divider-separator\">\n\t\t\t\t\t\t<\/span>\n\t\t<\/div>\n\t\t\t\t\t\t<\/div>\n\t\t\t\t<\/div>\n\t\t\t\t\t<\/div>\n\t\t\t\t<\/div>\n\t\t\t\t<section class=\"elementor-section elementor-top-section elementor-element elementor-element-4921e78c elementor-section-boxed elementor-section-height-default elementor-section-height-default\" data-id=\"4921e78c\" data-element_type=\"section\" data-settings=\"{&quot;background_background&quot;:&quot;gradient&quot;}\">\n\t\t\t\t\t\t\t<div class=\"elementor-background-overlay\"><\/div>\n\t\t\t\t\t\t\t<div class=\"elementor-container elementor-column-gap-no\">\n\t\t\t\t\t<div class=\"elementor-column elementor-col-100 elementor-top-column elementor-element elementor-element-a8d196b\" data-id=\"a8d196b\" data-element_type=\"column\">\n\t\t\t<div class=\"elementor-widget-wrap elementor-element-populated\">\n\t\t\t\t\t\t<section class=\"elementor-section elementor-inner-section elementor-element elementor-element-4a8a9bfa elementor-section-boxed elementor-section-height-default elementor-section-height-default\" data-id=\"4a8a9bfa\" data-element_type=\"section\" data-settings=\"{&quot;background_background&quot;:&quot;classic&quot;}\">\n\t\t\t\t\t\t<div class=\"elementor-container elementor-column-gap-no\">\n\t\t\t\t\t<div class=\"elementor-column elementor-col-50 elementor-inner-column elementor-element elementor-element-19214b69\" data-id=\"19214b69\" data-element_type=\"column\" data-settings=\"{&quot;background_background&quot;:&quot;classic&quot;}\">\n\t\t\t<div class=\"elementor-widget-wrap elementor-element-populated\">\n\t\t\t\t\t\t<div class=\"elementor-element elementor-element-7f3b62e6 elementor-widget elementor-widget-video\" data-id=\"7f3b62e6\" data-element_type=\"widget\" data-settings=\"{&quot;youtube_url&quot;:&quot;https:\\\/\\\/www.youtube.com\\\/watch?v=XHOmBV4js_E&quot;,&quot;autoplay&quot;:&quot;yes&quot;,&quot;show_image_overlay&quot;:&quot;yes&quot;,&quot;image_overlay&quot;:{&quot;url&quot;:&quot;https:\\\/\\\/bardotina.com.br\\\/wp-content\\\/uploads\\\/2025\\\/08\\\/girl-photographing-food-in-a-restaurant-2021-08-26-16-53-47-utc1.jpg&quot;,&quot;id&quot;:&quot;40&quot;,&quot;size&quot;:&quot;&quot;},&quot;play_on_mobile&quot;:&quot;yes&quot;,&quot;loop&quot;:&quot;yes&quot;,&quot;video_type&quot;:&quot;youtube&quot;,&quot;controls&quot;:&quot;yes&quot;}\" data-widget_type=\"video.default\">\n\t\t\t\t\t\t\t<div class=\"elementor-wrapper elementor-open-inline\">\n\t\t\t<div class=\"elementor-video\"><\/div>\t\t\t\t<div class=\"elementor-custom-embed-image-overlay\" style=\"background-image: url(https:\/\/bardotina.com.br\/wp-content\/uploads\/2025\/08\/girl-photographing-food-in-a-restaurant-2021-08-26-16-53-47-utc1.jpg);\">\n\t\t\t\t\t\t\t\t\t\t\t\t\t\t\t\t<div class=\"elementor-custom-embed-play\" role=\"button\" aria-label=\"Reproduzir v\u00eddeo\" tabindex=\"0\">\n\t\t\t\t\t\t\t<svg aria-hidden=\"true\" class=\"e-font-icon-svg e-eicon-play\" viewBox=\"0 0 1000 1000\" xmlns=\"http:\/\/www.w3.org\/2000\/svg\"><path d=\"M838 162C746 71 633 25 500 25 371 25 258 71 163 162 71 254 25 367 25 500 25 633 71 746 163 837 254 929 367 979 500 979 633 979 746 933 838 837 929 746 975 633 975 500 975 367 929 254 838 162M808 192C892 279 933 379 933 500 933 621 892 725 808 808 725 892 621 938 500 938 379 938 279 896 196 808 113 725 67 621 67 500 67 379 108 279 196 192 279 108 383 62 500 62 621 62 721 108 808 192M438 392V642L642 517 438 392Z\"><\/path><\/svg>\t\t\t\t\t\t<\/div>\n\t\t\t\t\t\t\t\t\t<\/div>\n\t\t\t\t\t<\/div>\n\t\t\t\t\t\t<\/div>\n\t\t\t\t<div class=\"elementor-element elementor-element-211c8aec elementor-widget__width-initial ekit-equal-height-disable elementor-widget elementor-widget-elementskit-icon-box\" data-id=\"211c8aec\" data-element_type=\"widget\" data-widget_type=\"elementskit-icon-box.default\">\n\t\t\t\t\t<div class=\"ekit-wid-con\" >        <!-- link opening -->\n                <!-- end link opening -->\n\n        <div class=\"elementskit-infobox text-left text-left icon-lef-right-aligin elementor-animation- media  \">\n                    <div class=\"elementskit-box-header elementor-animation-\">\n                <div class=\"elementskit-info-box-icon  text-center\">\n                    <i aria-hidden=\"true\" class=\"elementkit-infobox-icon icon icon-star\"><\/i>\n                <\/div>\n          <\/div>\n                        <div class=\"box-body\">\n                            <h3 class=\"elementskit-info-box-title\">\n                    + de 25 anos de experi\u00eancia                <\/h3>\n                                            <\/div>\n        \n        \n                <\/div>\n        <\/div>\t\t\t\t<\/div>\n\t\t\t\t\t<\/div>\n\t\t<\/div>\n\t\t\t\t<div class=\"elementor-column elementor-col-50 elementor-inner-column elementor-element elementor-element-496017f7\" data-id=\"496017f7\" data-element_type=\"column\" data-settings=\"{&quot;background_background&quot;:&quot;classic&quot;}\">\n\t\t\t<div class=\"elementor-widget-wrap elementor-element-populated\">\n\t\t\t\t\t\t<div class=\"elementor-element elementor-element-152ad0bd elementor-widget elementor-widget-spacer\" data-id=\"152ad0bd\" data-element_type=\"widget\" data-widget_type=\"spacer.default\">\n\t\t\t\t\t\t\t<div class=\"elementor-spacer\">\n\t\t\t<div class=\"elementor-spacer-inner\"><\/div>\n\t\t<\/div>\n\t\t\t\t\t\t<\/div>\n\t\t\t\t<div class=\"elementor-element elementor-element-27421564 elementor-widget elementor-widget-text-editor\" data-id=\"27421564\" data-element_type=\"widget\" data-widget_type=\"text-editor.default\">\n\t\t\t\t\t\t\t\t\t<p>Come\u00e7amos nosso neg\u00f3cio em 2000 com um objetivo em mente: proporcionar uma experi\u00eancia gastron\u00f4mica agrad\u00e1vel em S\u00e3o Paulo. Gra\u00e7as \u00e0 nossa experi\u00eancia e dedica\u00e7\u00e3o, conseguimos nos tornar mestres do of\u00edcio.<\/p><div class=\"elementor-element elementor-element-49329c9 elementor-widget elementor-widget-text-editor\" data-id=\"49329c9\" data-element_type=\"widget\" data-widget_type=\"text-editor.default\">Preparo de qualidade<\/div><div class=\"elementor-element elementor-element-715a16a elementor-widget elementor-widget-text-editor\" data-id=\"715a16a\" data-element_type=\"widget\" data-widget_type=\"text-editor.default\"><div id=\"comp-l5wve6f8\" class=\"Z_l5lU ku3DBC zQ9jDz qvSjx3 Vq6kJx comp-l5wve6f8 wixui-rich-text\" data-testid=\"richTextElement\" data-motion-enter=\"done\"><p class=\"font_9 wixui-rich-text__text\"><span class=\"wixui-rich-text__text\">A qualidade dos ingredientes utilizados na prepara\u00e7\u00e3o dos pratos \u00e9 o ponto principal, onde as mat\u00e9rias-primas utilizadas passam por um processo de sele\u00e7\u00e3o e padr\u00f5es feitos pelo nosso Chef. Os produtos s\u00e3o de extrema import\u00e2ncia e tem influ\u00eancia direta na apresenta\u00e7\u00e3o e sabor dos pratos e sendo a refei\u00e7\u00e3o preparada no pr\u00f3prio dia!<\/span><\/p><\/div><\/div>\t\t\t\t\t\t\t\t<\/div>\n\t\t\t\t\t<\/div>\n\t\t<\/div>\n\t\t\t\t\t<\/div>\n\t\t<\/section>\n\t\t\t\t\t<\/div>\n\t\t<\/div>\n\t\t\t\t\t<\/div>\n\t\t<\/section>\n\t\t\t\t<\/div>\n\t\t","protected":false},"excerpt":{"rendered":"<p>Sobre n\u00f3s https:\/\/www.youtube.com\/watch?v=XHOmBV4js_E + de 25 anos de experi\u00eancia Come\u00e7amos nosso neg\u00f3cio em 2000 com um objetivo em mente: proporcionar uma experi\u00eancia gastron\u00f4mica agrad\u00e1vel em S\u00e3o Paulo. Gra\u00e7as \u00e0 nossa experi\u00eancia e dedica\u00e7\u00e3o, conseguimos nos tornar mestres do of\u00edcio. Preparo de qualidade A qualidade dos ingredientes utilizados na prepara\u00e7\u00e3o dos pratos \u00e9 o ponto principal, [&hellip;]<\/p>\n","protected":false},"author":1,"featured_media":0,"parent":0,"menu_order":0,"comment_status":"closed","ping_status":"closed","template":"","meta":{"footnotes":""},"class_list":["post-98","page","type-page","status-publish","hentry"],"_links":{"self":[{"href":"https:\/\/bardotina.com.br\/index.php\/wp-json\/wp\/v2\/pages\/98","targetHints":{"allow":["GET"]}}],"collection":[{"href":"https:\/\/bardotina.com.br\/index.php\/wp-json\/wp\/v2\/pages"}],"about":[{"href":"https:\/\/bardotina.com.br\/index.php\/wp-json\/wp\/v2\/types\/page"}],"author":[{"embeddable":true,"href":"https:\/\/bardotina.com.br\/index.php\/wp-json\/wp\/v2\/users\/1"}],"replies":[{"embeddable":true,"href":"https:\/\/bardotina.com.br\/index.php\/wp-json\/wp\/v2\/comments?post=98"}],"version-history":[{"count":13,"href":"https:\/\/bardotina.com.br\/index.php\/wp-json\/wp\/v2\/pages\/98\/revisions"}],"predecessor-version":[{"id":197,"href":"https:\/\/bardotina.com.br\/index.php\/wp-json\/wp\/v2\/pages\/98\/revisions\/197"}],"wp:attachment":[{"href":"https:\/\/bardotina.com.br\/index.php\/wp-json\/wp\/v2\/media?parent=98"}],"curies":[{"name":"wp","href":"https:\/\/api.w.org\/{rel}","templated":true}]}}